{"id":34,"date":"2024-04-12T14:41:20","date_gmt":"2024-04-12T17:41:20","guid":{"rendered":"https:\/\/diagnosticodegestao.jmlgrupo.com.br\/?page_id=34"},"modified":"2024-07-08T15:15:17","modified_gmt":"2024-07-08T18:15:17","slug":"teste-1-valores-pessoais","status":"publish","type":"page","link":"https:\/\/diagnosticodegestao.grupojml.com.br\/?page_id=34","title":{"rendered":"Teste 1: Valores Pessoais"},"content":{"rendered":"<div id=\"cs-content\" class=\"cs-content\"><div class=\"x-section e34-e1 my-0\" id=\"container\"><div class=\"x-row e34-e2 my-1 my-2 row-container\"><div class=\"x-row-inner\"><div class=\"x-col e34-e3 my-3 col-container\"><div class=\"x-div e34-e4 my-4 my-5 container-logos\"><a class=\"x-image e34-e5 my-7 logo-company logo-company-jml\" href=\"\/\"><img decoding=\"async\" src=\"https:\/\/diagnosticodegestao.grupojml.com.br\/wp-content\/uploads\/2024\/04\/logo_grupo_jml.svg\" width=\"308\" height=\"195\" alt=\"Image\" loading=\"lazy\"><\/a><a class=\"x-image e34-e6 my-7 logo-company logo-company-menezes\" href=\"\/\"><img decoding=\"async\" src=\"https:\/\/diagnosticodegestao.grupojml.com.br\/wp-content\/uploads\/2024\/04\/logo_menezes_consultoria.svg\" width=\"401\" height=\"165\" alt=\"Image\" loading=\"lazy\"><\/a><\/div><div class=\"x-div e34-e7 my-5 my-6\"><div class=\"x-text x-text-headline e34-e8 my-8\"><div class=\"x-text-content\"><div class=\"x-text-content-text\"><h1 class=\"x-text-content-text-primary\">Teste 1: Valores Pessoais<\/h1><\/div><\/div><\/div>\n\n\n\t<form action=\"\" class=\"form-teste form-teste-1\">\n\t\t\n\t\t<p class=\"step-description text-gray font-medium text-center\">Escolha, da lista abaixo, os 5 valores que mais representam seus valores pessoais.<\/p>\n\t\t\n\t\t<div class=\"answers-container grid grid-cols-3 items-start\">\n\n\t\t\t\n\t\t\t\t<div class=\"form-option col-span-1 flex items-start\">\n\t\t\t\t\t<input type=\"checkbox\" name=\"abertura\" id=\"abertura\" value=\"Abertura\" class=\"flex-none\">\n\t\t\t\t\t<label for=\"abertura\" class=\"flex-1\"> Abertura<\/label>\n\t\t\t\t<\/div>\n\n\t\t\t\n\t\t\t\t<div class=\"form-option col-span-1 flex items-start\">\n\t\t\t\t\t<input type=\"checkbox\" name=\"adaptabilidade\" id=\"adaptabilidade\" value=\"Adaptabilidade\" class=\"flex-none\">\n\t\t\t\t\t<label for=\"adaptabilidade\" class=\"flex-1\"> Adaptabilidade<\/label>\n\t\t\t\t<\/div>\n\n\t\t\t\n\t\t\t\t<div class=\"form-option col-span-1 flex items-start\">\n\t\t\t\t\t<input type=\"checkbox\" name=\"ambicao\" id=\"ambicao\" value=\"Ambi\u00e7\u00e3o\" class=\"flex-none\">\n\t\t\t\t\t<label for=\"ambicao\" class=\"flex-1\"> Ambi\u00e7\u00e3o<\/label>\n\t\t\t\t<\/div>\n\n\t\t\t\n\t\t\t\t<div class=\"form-option col-span-1 flex items-start\">\n\t\t\t\t\t<input type=\"checkbox\" name=\"amizade\" id=\"amizade\" value=\"Amizade\" class=\"flex-none\">\n\t\t\t\t\t<label for=\"amizade\" class=\"flex-1\"> Amizade<\/label>\n\t\t\t\t<\/div>\n\n\t\t\t\n\t\t\t\t<div class=\"form-option col-span-1 flex items-start\">\n\t\t\t\t\t<input type=\"checkbox\" name=\"aprendizagem-continua\" id=\"aprendizagem-continua\" value=\"Aprendizagem Cont\u00ednua\" class=\"flex-none\">\n\t\t\t\t\t<label for=\"aprendizagem-continua\" class=\"flex-1\"> Aprendizagem Cont\u00ednua<\/label>\n\t\t\t\t<\/div>\n\n\t\t\t\n\t\t\t\t<div class=\"form-option col-span-1 flex items-start\">\n\t\t\t\t\t<input type=\"checkbox\" name=\"assumir-riscos\" id=\"assumir-riscos\" value=\"Assumir Riscos\" class=\"flex-none\">\n\t\t\t\t\t<label for=\"assumir-riscos\" class=\"flex-1\"> Assumir Riscos<\/label>\n\t\t\t\t<\/div>\n\n\t\t\t\n\t\t\t\t<div class=\"form-option col-span-1 flex items-start\">\n\t\t\t\t\t<input type=\"checkbox\" name=\"atingir-objetivos\" id=\"atingir-objetivos\" value=\"Atingir Objetivos\" class=\"flex-none\">\n\t\t\t\t\t<label for=\"atingir-objetivos\" class=\"flex-1\"> Atingir Objetivos<\/label>\n\t\t\t\t<\/div>\n\n\t\t\t\n\t\t\t\t<div class=\"form-option col-span-1 flex items-start\">\n\t\t\t\t\t<input type=\"checkbox\" name=\"autodisciplina\" id=\"autodisciplina\" value=\"Autodisciplina\" class=\"flex-none\">\n\t\t\t\t\t<label for=\"autodisciplina\" class=\"flex-1\"> Autodisciplina<\/label>\n\t\t\t\t<\/div>\n\n\t\t\t\n\t\t\t\t<div class=\"form-option col-span-1 flex items-start\">\n\t\t\t\t\t<input type=\"checkbox\" name=\"bem-estar\" id=\"bem-estar\" value=\"Bem-estar (f\u00edsico, emocional, mental e espiritual)\" class=\"flex-none\">\n\t\t\t\t\t<label for=\"bem-estar\" class=\"flex-1\"> Bem-estar (f\u00edsico, emocional, mental e espiritual)<\/label>\n\t\t\t\t<\/div>\n\n\t\t\t\n\t\t\t\t<div class=\"form-option col-span-1 flex items-start\">\n\t\t\t\t\t<input type=\"checkbox\" name=\"clareza\" id=\"clareza\" value=\"Clareza\" class=\"flex-none\">\n\t\t\t\t\t<label for=\"clareza\" class=\"flex-1\"> Clareza<\/label>\n\t\t\t\t<\/div>\n\n\t\t\t\n\t\t\t\t<div class=\"form-option col-span-1 flex items-start\">\n\t\t\t\t\t<input type=\"checkbox\" name=\"coaching-mentoring\" id=\"coaching-mentoring\" value=\"Coaching\/mentoring\" class=\"flex-none\">\n\t\t\t\t\t<label for=\"coaching-mentoring\" class=\"flex-1\"> Coaching\/mentoring<\/label>\n\t\t\t\t<\/div>\n\n\t\t\t\n\t\t\t\t<div class=\"form-option col-span-1 flex items-start\">\n\t\t\t\t\t<input type=\"checkbox\" name=\"compaixao\" id=\"compaixao\" value=\"Compaix\u00e3o\" class=\"flex-none\">\n\t\t\t\t\t<label for=\"compaixao\" class=\"flex-1\"> Compaix\u00e3o<\/label>\n\t\t\t\t<\/div>\n\n\t\t\t\n\t\t\t\t<div class=\"form-option col-span-1 flex items-start\">\n\t\t\t\t\t<input type=\"checkbox\" name=\"competencia\" id=\"competencia\" value=\"Compet\u00eancia\" class=\"flex-none\">\n\t\t\t\t\t<label for=\"competencia\" class=\"flex-1\"> Compet\u00eancia<\/label>\n\t\t\t\t<\/div>\n\n\t\t\t\n\t\t\t\t<div class=\"form-option col-span-1 flex items-start\">\n\t\t\t\t\t<input type=\"checkbox\" name=\"comprometimento\" id=\"comprometimento\" value=\"Comprometimento\" class=\"flex-none\">\n\t\t\t\t\t<label for=\"comprometimento\" class=\"flex-1\"> Comprometimento<\/label>\n\t\t\t\t<\/div>\n\n\t\t\t\n\t\t\t\t<div class=\"form-option col-span-1 flex items-start\">\n\t\t\t\t\t<input type=\"checkbox\" name=\"confiabilidade\" id=\"confiabilidade\" value=\"Confiabilidade\" class=\"flex-none\">\n\t\t\t\t\t<label for=\"confiabilidade\" class=\"flex-1\"> Confiabilidade<\/label>\n\t\t\t\t<\/div>\n\n\t\t\t\n\t\t\t\t<div class=\"form-option col-span-1 flex items-start\">\n\t\t\t\t\t<input type=\"checkbox\" name=\"confianca\" id=\"confianca\" value=\"Confian\u00e7a\" class=\"flex-none\">\n\t\t\t\t\t<label for=\"confianca\" class=\"flex-1\"> Confian\u00e7a<\/label>\n\t\t\t\t<\/div>\n\n\t\t\t\n\t\t\t\t<div class=\"form-option col-span-1 flex items-start\">\n\t\t\t\t\t<input type=\"checkbox\" name=\"conforto-com-incertezas\" id=\"conforto-com-incertezas\" value=\"Conforto com incertezas\" class=\"flex-none\">\n\t\t\t\t\t<label for=\"conforto-com-incertezas\" class=\"flex-1\"> Conforto com incertezas<\/label>\n\t\t\t\t<\/div>\n\n\t\t\t\n\t\t\t\t<div class=\"form-option col-span-1 flex items-start\">\n\t\t\t\t\t<input type=\"checkbox\" name=\"consciencia-ambiental\" id=\"consciencia-ambiental\" value=\"Consci\u00eancia ambiental\" class=\"flex-none\">\n\t\t\t\t\t<label for=\"consciencia-ambiental\" class=\"flex-1\"> Consci\u00eancia ambiental<\/label>\n\t\t\t\t<\/div>\n\n\t\t\t\n\t\t\t\t<div class=\"form-option col-span-1 flex items-start\">\n\t\t\t\t\t<input type=\"checkbox\" name=\"coragem\" id=\"coragem\" value=\"Coragem\" class=\"flex-none\">\n\t\t\t\t\t<label for=\"coragem\" class=\"flex-1\"> Coragem<\/label>\n\t\t\t\t<\/div>\n\n\t\t\t\n\t\t\t\t<div class=\"form-option col-span-1 flex items-start\">\n\t\t\t\t\t<input type=\"checkbox\" name=\"crescimento-pessoal\" id=\"crescimento-pessoal\" value=\"Crescimento Pessoal\" class=\"flex-none\">\n\t\t\t\t\t<label for=\"crescimento-pessoal\" class=\"flex-1\"> Crescimento Pessoal<\/label>\n\t\t\t\t<\/div>\n\n\t\t\t\n\t\t\t\t<div class=\"form-option col-span-1 flex items-start\">\n\t\t\t\t\t<input type=\"checkbox\" name=\"crescimento-profissional\" id=\"crescimento-profissional\" value=\"Crescimento Profissional\" class=\"flex-none\">\n\t\t\t\t\t<label for=\"crescimento-profissional\" class=\"flex-1\"> Crescimento Profissional<\/label>\n\t\t\t\t<\/div>\n\n\t\t\t\n\t\t\t\t<div class=\"form-option col-span-1 flex items-start\">\n\t\t\t\t\t<input type=\"checkbox\" name=\"criatividade\" id=\"criatividade\" value=\"Criatividade\" class=\"flex-none\">\n\t\t\t\t\t<label for=\"criatividade\" class=\"flex-1\"> Criatividade<\/label>\n\t\t\t\t<\/div>\n\n\t\t\t\n\t\t\t\t<div class=\"form-option col-span-1 flex items-start\">\n\t\t\t\t\t<input type=\"checkbox\" name=\"cuidar-importar-se\" id=\"cuidar-importar-se\" value=\"Cuidar\/Importar-se\" class=\"flex-none\">\n\t\t\t\t\t<label for=\"cuidar-importar-se\" class=\"flex-1\"> Cuidar\/Importar-se<\/label>\n\t\t\t\t<\/div>\n\n\t\t\t\n\t\t\t\t<div class=\"form-option col-span-1 flex items-start\">\n\t\t\t\t\t<input type=\"checkbox\" name=\"dialogo\" id=\"dialogo\" value=\"Di\u00e1logo\" class=\"flex-none\">\n\t\t\t\t\t<label for=\"dialogo\" class=\"flex-1\"> Di\u00e1logo<\/label>\n\t\t\t\t<\/div>\n\n\t\t\t\n\t\t\t\t<div class=\"form-option col-span-1 flex items-start\">\n\t\t\t\t\t<input type=\"checkbox\" name=\"eficiencia\" id=\"eficiencia\" value=\"Efici\u00eancia\" class=\"flex-none\">\n\t\t\t\t\t<label for=\"eficiencia\" class=\"flex-1\"> Efici\u00eancia<\/label>\n\t\t\t\t<\/div>\n\n\t\t\t\n\t\t\t\t<div class=\"form-option col-span-1 flex items-start\">\n\t\t\t\t\t<input type=\"checkbox\" name=\"empreendedorismo\" id=\"empreendedorismo\" value=\"Empreendedorismo\" class=\"flex-none\">\n\t\t\t\t\t<label for=\"empreendedorismo\" class=\"flex-1\"> Empreendedorismo<\/label>\n\t\t\t\t<\/div>\n\n\t\t\t\n\t\t\t\t<div class=\"form-option col-span-1 flex items-start\">\n\t\t\t\t\t<input type=\"checkbox\" name=\"entusiasmo-atitude-positiva\" id=\"entusiasmo-atitude-positiva\" value=\"Entusiasmo\/Atitude Positiva\" class=\"flex-none\">\n\t\t\t\t\t<label for=\"entusiasmo-atitude-positiva\" class=\"flex-1\"> Entusiasmo\/Atitude Positiva<\/label>\n\t\t\t\t<\/div>\n\n\t\t\t\n\t\t\t\t<div class=\"form-option col-span-1 flex items-start\">\n\t\t\t\t\t<input type=\"checkbox\" name=\"envolvimento-comunitario\" id=\"envolvimento-comunitario\" value=\"Envolvimento Comunit\u00e1rio\" class=\"flex-none\">\n\t\t\t\t\t<label for=\"envolvimento-comunitario\" class=\"flex-1\"> Envolvimento Comunit\u00e1rio<\/label>\n\t\t\t\t<\/div>\n\n\t\t\t\n\t\t\t\t<div class=\"form-option col-span-1 flex items-start\">\n\t\t\t\t\t<input type=\"checkbox\" name=\"equilibrio-trabalho-lazer\" id=\"equilibrio-trabalho-lazer\" value=\"Equil\u00edbrio (trabalho\/lazer)\" class=\"flex-none\">\n\t\t\t\t\t<label for=\"equilibrio-trabalho-lazer\" class=\"flex-1\"> Equil\u00edbrio (trabalho\/lazer)<\/label>\n\t\t\t\t<\/div>\n\n\t\t\t\n\t\t\t\t<div class=\"form-option col-span-1 flex items-start\">\n\t\t\t\t\t<input type=\"checkbox\" name=\"escutar\" id=\"escutar\" value=\"Escutar\" class=\"flex-none\">\n\t\t\t\t\t<label for=\"escutar\" class=\"flex-1\"> Escutar<\/label>\n\t\t\t\t<\/div>\n\n\t\t\t\n\t\t\t\t<div class=\"form-option col-span-1 flex items-start\">\n\t\t\t\t\t<input type=\"checkbox\" name=\"estabilidade-financeira\" id=\"estabilidade-financeira\" value=\"Estabilidade Financeira\" class=\"flex-none\">\n\t\t\t\t\t<label for=\"estabilidade-financeira\" class=\"flex-1\"> Estabilidade Financeira<\/label>\n\t\t\t\t<\/div>\n\n\t\t\t\n\t\t\t\t<div class=\"form-option col-span-1 flex items-start\">\n\t\t\t\t\t<input type=\"checkbox\" name=\"etica\" id=\"etica\" value=\"\u00c9tica\" class=\"flex-none\">\n\t\t\t\t\t<label for=\"etica\" class=\"flex-1\"> \u00c9tica<\/label>\n\t\t\t\t<\/div>\n\n\t\t\t\n\t\t\t\t<div class=\"form-option col-span-1 flex items-start\">\n\t\t\t\t\t<input type=\"checkbox\" name=\"excelencia\" id=\"excelencia\" value=\"Excel\u00eancia\" class=\"flex-none\">\n\t\t\t\t\t<label for=\"excelencia\" class=\"flex-1\"> Excel\u00eancia<\/label>\n\t\t\t\t<\/div>\n\n\t\t\t\n\t\t\t\t<div class=\"form-option col-span-1 flex items-start\">\n\t\t\t\t\t<input type=\"checkbox\" name=\"familia\" id=\"familia\" value=\"Fam\u00edlia\" class=\"flex-none\">\n\t\t\t\t\t<label for=\"familia\" class=\"flex-1\"> Fam\u00edlia<\/label>\n\t\t\t\t<\/div>\n\n\t\t\t\n\t\t\t\t<div class=\"form-option col-span-1 flex items-start\">\n\t\t\t\t\t<input type=\"checkbox\" name=\"fazer-a-diferenca\" id=\"fazer-a-diferenca\" value=\"Fazer a Diferen\u00e7a\" class=\"flex-none\">\n\t\t\t\t\t<label for=\"fazer-a-diferenca\" class=\"flex-1\"> Fazer a Diferen\u00e7a<\/label>\n\t\t\t\t<\/div>\n\n\t\t\t\n\t\t\t\t<div class=\"form-option col-span-1 flex items-start\">\n\t\t\t\t\t<input type=\"checkbox\" name=\"generosidade\" id=\"generosidade\" value=\"Generosidade\" class=\"flex-none\">\n\t\t\t\t\t<label for=\"generosidade\" class=\"flex-1\"> Generosidade<\/label>\n\t\t\t\t<\/div>\n\n\t\t\t\n\t\t\t\t<div class=\"form-option col-span-1 flex items-start\">\n\t\t\t\t\t<input type=\"checkbox\" name=\"humildade\" id=\"humildade\" value=\"Humildade\" class=\"flex-none\">\n\t\t\t\t\t<label for=\"humildade\" class=\"flex-1\"> Humildade<\/label>\n\t\t\t\t<\/div>\n\n\t\t\t\n\t\t\t\t<div class=\"form-option col-span-1 flex items-start\">\n\t\t\t\t\t<input type=\"checkbox\" name=\"humor-alegria\" id=\"humor-alegria\" value=\"Humor\/Alegria\" class=\"flex-none\">\n\t\t\t\t\t<label for=\"humor-alegria\" class=\"flex-1\"> Humor\/Alegria<\/label>\n\t\t\t\t<\/div>\n\n\t\t\t\n\t\t\t\t<div class=\"form-option col-span-1 flex items-start\">\n\t\t\t\t\t<input type=\"checkbox\" name=\"imparcialidade\" id=\"imparcialidade\" value=\"Imparcialidade\" class=\"flex-none\">\n\t\t\t\t\t<label for=\"imparcialidade\" class=\"flex-1\"> Imparcialidade<\/label>\n\t\t\t\t<\/div>\n\n\t\t\t\n\t\t\t\t<div class=\"form-option col-span-1 flex items-start\">\n\t\t\t\t\t<input type=\"checkbox\" name=\"independencia\" id=\"independencia\" value=\"Independ\u00eancia\" class=\"flex-none\">\n\t\t\t\t\t<label for=\"independencia\" class=\"flex-1\"> Independ\u00eancia<\/label>\n\t\t\t\t<\/div>\n\n\t\t\t\n\t\t\t\t<div class=\"form-option col-span-1 flex items-start\">\n\t\t\t\t\t<input type=\"checkbox\" name=\"iniciativa\" id=\"iniciativa\" value=\"Iniciativa\" class=\"flex-none\">\n\t\t\t\t\t<label for=\"iniciativa\" class=\"flex-1\"> Iniciativa<\/label>\n\t\t\t\t<\/div>\n\n\t\t\t\n\t\t\t\t<div class=\"form-option col-span-1 flex items-start\">\n\t\t\t\t\t<input type=\"checkbox\" name=\"integridade\" id=\"integridade\" value=\"Integridade\" class=\"flex-none\">\n\t\t\t\t\t<label for=\"integridade\" class=\"flex-1\"> Integridade<\/label>\n\t\t\t\t<\/div>\n\n\t\t\t\n\t\t\t\t<div class=\"form-option col-span-1 flex items-start\">\n\t\t\t\t\t<input type=\"checkbox\" name=\"lideranca\" id=\"lideranca\" value=\"Lideran\u00e7a\" class=\"flex-none\">\n\t\t\t\t\t<label for=\"lideranca\" class=\"flex-1\"> Lideran\u00e7a<\/label>\n\t\t\t\t<\/div>\n\n\t\t\t\n\t\t\t\t<div class=\"form-option col-span-1 flex items-start\">\n\t\t\t\t\t<input type=\"checkbox\" name=\"paciencia\" id=\"paciencia\" value=\"Paci\u00eancia\" class=\"flex-none\">\n\t\t\t\t\t<label for=\"paciencia\" class=\"flex-1\"> Paci\u00eancia<\/label>\n\t\t\t\t<\/div>\n\n\t\t\t\n\t\t\t\t<div class=\"form-option col-span-1 flex items-start\">\n\t\t\t\t\t<input type=\"checkbox\" name=\"perdao\" id=\"perdao\" value=\"Perd\u00e3o\" class=\"flex-none\">\n\t\t\t\t\t<label for=\"perdao\" class=\"flex-1\"> Perd\u00e3o<\/label>\n\t\t\t\t<\/div>\n\n\t\t\t\n\t\t\t\t<div class=\"form-option col-span-1 flex items-start\">\n\t\t\t\t\t<input type=\"checkbox\" name=\"perseveranca\" id=\"perseveranca\" value=\"Perserveran\u00e7a\" class=\"flex-none\">\n\t\t\t\t\t<label for=\"perseveranca\" class=\"flex-1\"> Perserveran\u00e7a<\/label>\n\t\t\t\t<\/div>\n\n\t\t\t\n\t\t\t\t<div class=\"form-option col-span-1 flex items-start\">\n\t\t\t\t\t<input type=\"checkbox\" name=\"preocupacao-com-futuras-geracoes\" id=\"preocupacao-com-futuras-geracoes\" value=\"Preocupa\u00e7\u00e3o com Futuras Gera\u00e7\u00f5es\" class=\"flex-none\">\n\t\t\t\t\t<label for=\"preocupacao-com-futuras-geracoes\" class=\"flex-1\"> Preocupa\u00e7\u00e3o com Futuras Gera\u00e7\u00f5es<\/label>\n\t\t\t\t<\/div>\n\n\t\t\t\n\t\t\t\t<div class=\"form-option col-span-1 flex items-start\">\n\t\t\t\t\t<input type=\"checkbox\" name=\"realizacao-pessoal\" id=\"realizacao-pessoal\" value=\"Realiza\u00e7\u00e3o Pessoal\" class=\"flex-none\">\n\t\t\t\t\t<label for=\"realizacao-pessoal\" class=\"flex-1\"> Realiza\u00e7\u00e3o Pessoal<\/label>\n\t\t\t\t<\/div>\n\n\t\t\t\n\t\t\t\t<div class=\"form-option col-span-1 flex items-start\">\n\t\t\t\t\t<input type=\"checkbox\" name=\"reconhecimento\" id=\"reconhecimento\" value=\"Reconhecimento\" class=\"flex-none\">\n\t\t\t\t\t<label for=\"reconhecimento\" class=\"flex-1\"> Reconhecimento<\/label>\n\t\t\t\t<\/div>\n\n\t\t\t\n\t\t\t\t<div class=\"form-option col-span-1 flex items-start\">\n\t\t\t\t\t<input type=\"checkbox\" name=\"respeito\" id=\"respeito\" value=\"Respeito\" class=\"flex-none\">\n\t\t\t\t\t<label for=\"respeito\" class=\"flex-1\"> Respeito<\/label>\n\t\t\t\t<\/div>\n\n\t\t\t\n\t\t\t\t<div class=\"form-option col-span-1 flex items-start\">\n\t\t\t\t\t<input type=\"checkbox\" name=\"riqueza\" id=\"riqueza\" value=\"Riqueza\" class=\"flex-none\">\n\t\t\t\t\t<label for=\"riqueza\" class=\"flex-1\"> Riqueza<\/label>\n\t\t\t\t<\/div>\n\n\t\t\t\n\t\t\t\t<div class=\"form-option col-span-1 flex items-start\">\n\t\t\t\t\t<input type=\"checkbox\" name=\"sabedoria\" id=\"sabedoria\" value=\"Sabedoria\" class=\"flex-none\">\n\t\t\t\t\t<label for=\"sabedoria\" class=\"flex-1\"> Sabedoria<\/label>\n\t\t\t\t<\/div>\n\n\t\t\t\n\t\t\t\t<div class=\"form-option col-span-1 flex items-start\">\n\t\t\t\t\t<input type=\"checkbox\" name=\"saude\" id=\"saude\" value=\"Sa\u00fade\" class=\"flex-none\">\n\t\t\t\t\t<label for=\"saude\" class=\"flex-1\"> Sa\u00fade<\/label>\n\t\t\t\t<\/div>\n\n\t\t\t\n\t\t\t\t<div class=\"form-option col-span-1 flex items-start\">\n\t\t\t\t\t<input type=\"checkbox\" name=\"seguranca\" id=\"seguranca\" value=\"Seguran\u00e7a\" class=\"flex-none\">\n\t\t\t\t\t<label for=\"seguranca\" class=\"flex-1\"> Seguran\u00e7a<\/label>\n\t\t\t\t<\/div>\n\n\t\t\t\n\t\t\t\t<div class=\"form-option col-span-1 flex items-start\">\n\t\t\t\t\t<input type=\"checkbox\" name=\"seguranca-do-emprego\" id=\"seguranca-do-emprego\" value=\"Seguran\u00e7a do Emprego\" class=\"flex-none\">\n\t\t\t\t\t<label for=\"seguranca-do-emprego\" class=\"flex-1\"> Seguran\u00e7a do Emprego<\/label>\n\t\t\t\t<\/div>\n\n\t\t\t\n\t\t\t\t<div class=\"form-option col-span-1 flex items-start\">\n\t\t\t\t\t<input type=\"checkbox\" name=\"senso-de-dono\" id=\"senso-de-dono\" value=\"Senso de Dono\" class=\"flex-none\">\n\t\t\t\t\t<label for=\"senso-de-dono\" class=\"flex-1\"> Senso de Dono<\/label>\n\t\t\t\t<\/div>\n\n\t\t\t\n\t\t\t\t<div class=\"form-option col-span-1 flex items-start\">\n\t\t\t\t\t<input type=\"checkbox\" name=\"ser-o-melhor\" id=\"ser-o-melhor\" value=\"Ser o Melhor\" class=\"flex-none\">\n\t\t\t\t\t<label for=\"ser-o-melhor\" class=\"flex-1\"> Ser o Melhor<\/label>\n\t\t\t\t<\/div>\n\n\t\t\t\n\t\t\t\t<div class=\"form-option col-span-1 flex items-start\">\n\t\t\t\t\t<input type=\"checkbox\" name=\"solucao-de-conflitos\" id=\"solucao-de-conflitos\" value=\"Solu\u00e7\u00e3o de Conflitos\" class=\"flex-none\">\n\t\t\t\t\t<label for=\"solucao-de-conflitos\" class=\"flex-1\"> Solu\u00e7\u00e3o de Conflitos<\/label>\n\t\t\t\t<\/div>\n\n\t\t\t\n\t\t\t\t<div class=\"form-option col-span-1 flex items-start\">\n\t\t\t\t\t<input type=\"checkbox\" name=\"trabalho-em-equipe\" id=\"trabalho-em-equipe\" value=\"Trabalho em Equipe\" class=\"flex-none\">\n\t\t\t\t\t<label for=\"trabalho-em-equipe\" class=\"flex-1\"> Trabalho em Equipe<\/label>\n\t\t\t\t<\/div>\n\n\t\t\t\n\t\t\t\t<div class=\"form-option col-span-1 flex items-start\">\n\t\t\t\t\t<input type=\"checkbox\" name=\"visao\" id=\"visao\" value=\"Vis\u00e3o\" class=\"flex-none\">\n\t\t\t\t\t<label for=\"visao\" class=\"flex-1\"> Vis\u00e3o<\/label>\n\t\t\t\t<\/div>\n\n\t\t\t\t\t\t\n\t\t<\/div>\n\n\t\t<div class=\"submit-container col-span-3\">\n\t\t\t<button  disabled=\"disabled\" type=\"button\" style=\"opacity: 0.25;\" class=\"btn-submit btn-submit-1 border-none text-center bg-blue bg-hover-dark-blue text-white text-hover-bege font-semibold text-shadow-none uppercase transition\">Enviar<\/button>\n\t\t\t<div style=\"display:none;\"  class=\"alert-submit enviado-com-ok bg-dark-bege text-white\">Resultado enviado com sucesso. <a href=\"\/\" class=\"text-white font-semibold underline\">Clique aqui<\/a> para retornar \u00e0 p\u00e1gina principal.<\/div>\n\t\t<\/div>\n\n\t<\/form>\n\n\n<\/div><div class=\"x-text x-content e34-e10 my-9\">&copy; Copyright Menezes Consultoria. Todos os direitos reservados.<\/div><\/div><\/div><\/div><\/div><\/div>\n","protected":false},"excerpt":{"rendered":"<p>Teste 1: Valores Pessoais Escolha, da lista abaixo, os 5 valores que mais representam seus valores pessoais. Abertura Adaptabilidade Ambi\u00e7\u00e3o Amizade Aprendizagem Cont\u00ednua Assumir Riscos Atingir Objetivos Autodisciplina Bem-estar (f\u00edsico, emocional, mental e espiritual) Clareza Coaching\/mentoring Compaix\u00e3o Compet\u00eancia Comprometimento Confiabilidade Confian\u00e7a Conforto com incertezas Consci\u00eancia ambiental Coragem Crescimento Pessoal Crescimento Profissional Criatividade Cuidar\/Importar-se Di\u00e1logo Efici\u00eancia Empreendedorismo Entusiasmo\/Atitude Positiva Envolvimento Comunit\u00e1rio &#8230;<\/p>\n","protected":false},"author":1,"featured_media":0,"parent":0,"menu_order":0,"comment_status":"closed","ping_status":"closed","template":"template-blank-6.php","meta":{"_acf_changed":false,"inline_featured_image":false,"footnotes":""},"acf":[],"_links":{"self":[{"href":"https:\/\/diagnosticodegestao.grupojml.com.br\/index.php?rest_route=\/wp\/v2\/pages\/34"}],"collection":[{"href":"https:\/\/diagnosticodegestao.grupojml.com.br\/index.php?rest_route=\/wp\/v2\/pages"}],"about":[{"href":"https:\/\/diagnosticodegestao.grupojml.com.br\/index.php?rest_route=\/wp\/v2\/types\/page"}],"author":[{"embeddable":true,"href":"https:\/\/diagnosticodegestao.grupojml.com.br\/index.php?rest_route=\/wp\/v2\/users\/1"}],"replies":[{"embeddable":true,"href":"https:\/\/diagnosticodegestao.grupojml.com.br\/index.php?rest_route=%2Fwp%2Fv2%2Fcomments&post=34"}],"version-history":[{"count":11,"href":"https:\/\/diagnosticodegestao.grupojml.com.br\/index.php?rest_route=\/wp\/v2\/pages\/34\/revisions"}],"predecessor-version":[{"id":96,"href":"https:\/\/diagnosticodegestao.grupojml.com.br\/index.php?rest_route=\/wp\/v2\/pages\/34\/revisions\/96"}],"wp:attachment":[{"href":"https:\/\/diagnosticodegestao.grupojml.com.br\/index.php?rest_route=%2Fwp%2Fv2%2Fmedia&parent=34"}],"curies":[{"name":"wp","href":"https:\/\/api.w.org\/{rel}","templated":true}]}}