{"id":38,"date":"2024-04-12T14:42:16","date_gmt":"2024-04-12T17:42:16","guid":{"rendered":"https:\/\/diagnosticodegestao.jmlgrupo.com.br\/?page_id=38"},"modified":"2024-07-08T17:35:51","modified_gmt":"2024-07-08T20:35:51","slug":"teste-3-avaliacao-da-equipe","status":"publish","type":"page","link":"https:\/\/diagnosticodegestao.grupojml.com.br\/?page_id=38","title":{"rendered":"Teste 3: Avalia\u00e7\u00e3o da Equipe"},"content":{"rendered":"<div id=\"cs-content\" class=\"cs-content\"><div class=\"x-section e38-e1 m12-0\" id=\"container\"><div class=\"x-row e38-e2 m12-1 m12-2 row-container\"><div class=\"x-row-inner\"><div class=\"x-col e38-e3 m12-3 col-container\"><div class=\"x-div e38-e4 m12-4 m12-5 container-logos\"><a class=\"x-image e38-e5 m12-7 logo-company logo-company-jml\" href=\"\/\"><img decoding=\"async\" src=\"https:\/\/diagnosticodegestao.grupojml.com.br\/wp-content\/uploads\/2024\/04\/logo_grupo_jml.svg\" width=\"308\" height=\"195\" alt=\"Image\" loading=\"lazy\"><\/a><a class=\"x-image e38-e6 m12-7 logo-company logo-company-menezes\" href=\"\/\"><img decoding=\"async\" src=\"https:\/\/diagnosticodegestao.grupojml.com.br\/wp-content\/uploads\/2024\/04\/logo_menezes_consultoria.svg\" width=\"401\" height=\"165\" alt=\"Image\" loading=\"lazy\"><\/a><\/div><div class=\"x-div e38-e7 m12-5 m12-6\"><div class=\"x-text x-text-headline e38-e8 m12-8\"><div class=\"x-text-content\"><div class=\"x-text-content-text\"><h1 class=\"x-text-content-text-primary\">Teste 3: Avalia\u00e7\u00e3o de Pessoas<\/h1><\/div><\/div><\/div>\n\n<form action=\"\" class=\"form-teste form-teste-3\">\n\n\t<p class=\"step-description text-left text-gray\">O question\u00e1rio a seguir \u00e9 uma ferramenta direta de diagn\u00f3stico, cujo objetivo \u00e9 ajud\u00e1-lo a avaliar a suscetibilidade de sua equipe \u00e0s cinco disfun\u00e7\u00f5es. Se for poss\u00edvel, fa\u00e7a com que todos os membros da sua equipe respondam ao question\u00e1rio e an\u00e1lise os resultados, discutindo discrep\u00e2ncias nas respostas e identificando quaisquer implica\u00e7\u00f5es claras para o grupo.<\/p>\n\t<p class=\"step-description text-left text-gray\"><span class=\"font-medium\">Instru\u00e7\u00f5es:<\/span> Responda indicando quanto cada proposi\u00e7\u00e3o se aplica \u00e0 sua equipe. \u00c9 importante avaliar as afirma\u00e7\u00f5es com honestidade e sem pensar demais antes de responder.<\/p>\n\t<div class=\"propositions\">\n\t\t\t\t\t<div class=\"proposition-container proposition-1\">\n\t\t\t\t<p class=\"proposition-description text-gray\">Os membros da equipe s\u00e3o veementes e espont\u00e2neos quando discutem quest\u00f5es de interesse comum. <\/p>\n\t\t\t\t<div class=\"proposition-answers grid grid-cols-3 items-center\">\n\t\t\t\t\t<div class=\"flex items-center\">\n\t\t\t\t\t\t<input type=\"radio\" name=\"proposition-1-answer-1\" id=\"proposition-1-answer-1\" value=\"1\" class=\"flex-none\">\n\t\t\t\t\t\t<label for=\"proposition-1-answer-1\" class=\"flex-1\">Raramente<\/label>\n\t\t\t\t\t<\/div>\n\t\t\t\t\t<div class=\"flex items-center\">\n\t\t\t\t\t\t<input type=\"radio\" name=\"proposition-1-answer-1\" id=\"proposition-1-answer-2\" value=\"2\" class=\"flex-none\">\n\t\t\t\t\t\t<label for=\"proposition-1-answer-2\" class=\"flex-1\">\u00c0s vezes<\/label>\n\t\t\t\t\t<\/div>\n\t\t\t\t\t<div class=\"flex items-center\">\n\t\t\t\t\t\t<input type=\"radio\" name=\"proposition-1-answer-1\" id=\"proposition-1-answer-3\" value=\"3\" class=\"flex-none\">\n\t\t\t\t\t\t<label for=\"proposition-1-answer-3\" class=\"flex-1\">Com frequ\u00eancia<\/label>\n\t\t\t\t\t<\/div>\n\t\t\t\t<\/div>\n\t\t\t<\/div>\n\t\t\t\t\t<div class=\"proposition-container proposition-2\">\n\t\t\t\t<p class=\"proposition-description text-gray\">Os membros da equipe criticam as falhas ou os comportamentos contraproducentes uns dos outros.<\/p>\n\t\t\t\t<div class=\"proposition-answers grid grid-cols-3 items-center\">\n\t\t\t\t\t<div class=\"flex items-center\">\n\t\t\t\t\t\t<input type=\"radio\" name=\"proposition-2-answer-1\" id=\"proposition-2-answer-1\" value=\"1\" class=\"flex-none\">\n\t\t\t\t\t\t<label for=\"proposition-2-answer-1\" class=\"flex-1\">Raramente<\/label>\n\t\t\t\t\t<\/div>\n\t\t\t\t\t<div class=\"flex items-center\">\n\t\t\t\t\t\t<input type=\"radio\" name=\"proposition-2-answer-1\" id=\"proposition-2-answer-2\" value=\"2\" class=\"flex-none\">\n\t\t\t\t\t\t<label for=\"proposition-2-answer-2\" class=\"flex-1\">\u00c0s vezes<\/label>\n\t\t\t\t\t<\/div>\n\t\t\t\t\t<div class=\"flex items-center\">\n\t\t\t\t\t\t<input type=\"radio\" name=\"proposition-2-answer-1\" id=\"proposition-2-answer-3\" value=\"3\" class=\"flex-none\">\n\t\t\t\t\t\t<label for=\"proposition-2-answer-3\" class=\"flex-1\">Com frequ\u00eancia<\/label>\n\t\t\t\t\t<\/div>\n\t\t\t\t<\/div>\n\t\t\t<\/div>\n\t\t\t\t\t<div class=\"proposition-container proposition-3\">\n\t\t\t\t<p class=\"proposition-description text-gray\">Os membros da equipe sabem exatamente em que seus colegas est\u00e3o trabalhando e como eles contribuem para o bem coletivo.<\/p>\n\t\t\t\t<div class=\"proposition-answers grid grid-cols-3 items-center\">\n\t\t\t\t\t<div class=\"flex items-center\">\n\t\t\t\t\t\t<input type=\"radio\" name=\"proposition-3-answer-1\" id=\"proposition-3-answer-1\" value=\"1\" class=\"flex-none\">\n\t\t\t\t\t\t<label for=\"proposition-3-answer-1\" class=\"flex-1\">Raramente<\/label>\n\t\t\t\t\t<\/div>\n\t\t\t\t\t<div class=\"flex items-center\">\n\t\t\t\t\t\t<input type=\"radio\" name=\"proposition-3-answer-1\" id=\"proposition-3-answer-2\" value=\"2\" class=\"flex-none\">\n\t\t\t\t\t\t<label for=\"proposition-3-answer-2\" class=\"flex-1\">\u00c0s vezes<\/label>\n\t\t\t\t\t<\/div>\n\t\t\t\t\t<div class=\"flex items-center\">\n\t\t\t\t\t\t<input type=\"radio\" name=\"proposition-3-answer-1\" id=\"proposition-3-answer-3\" value=\"3\" class=\"flex-none\">\n\t\t\t\t\t\t<label for=\"proposition-3-answer-3\" class=\"flex-1\">Com frequ\u00eancia<\/label>\n\t\t\t\t\t<\/div>\n\t\t\t\t<\/div>\n\t\t\t<\/div>\n\t\t\t\t\t<div class=\"proposition-container proposition-4\">\n\t\t\t\t<p class=\"proposition-description text-gray\">Os membros da equipe pedem desculpas sinceras uns aos outros quando dizem ou fazem algo inapropriado ou que possa prejudicar a equipe.<\/p>\n\t\t\t\t<div class=\"proposition-answers grid grid-cols-3 items-center\">\n\t\t\t\t\t<div class=\"flex items-center\">\n\t\t\t\t\t\t<input type=\"radio\" name=\"proposition-4-answer-1\" id=\"proposition-4-answer-1\" value=\"1\" class=\"flex-none\">\n\t\t\t\t\t\t<label for=\"proposition-4-answer-1\" class=\"flex-1\">Raramente<\/label>\n\t\t\t\t\t<\/div>\n\t\t\t\t\t<div class=\"flex items-center\">\n\t\t\t\t\t\t<input type=\"radio\" name=\"proposition-4-answer-1\" id=\"proposition-4-answer-2\" value=\"2\" class=\"flex-none\">\n\t\t\t\t\t\t<label for=\"proposition-4-answer-2\" class=\"flex-1\">\u00c0s vezes<\/label>\n\t\t\t\t\t<\/div>\n\t\t\t\t\t<div class=\"flex items-center\">\n\t\t\t\t\t\t<input type=\"radio\" name=\"proposition-4-answer-1\" id=\"proposition-4-answer-3\" value=\"3\" class=\"flex-none\">\n\t\t\t\t\t\t<label for=\"proposition-4-answer-3\" class=\"flex-1\">Com frequ\u00eancia<\/label>\n\t\t\t\t\t<\/div>\n\t\t\t\t<\/div>\n\t\t\t<\/div>\n\t\t\t\t\t<div class=\"proposition-container proposition-5\">\n\t\t\t\t<p class=\"proposition-description text-gray\">Os membros da equipe fazem sacrif\u00edcios (em termos, por exemplo, de or\u00e7amento, territ\u00f3rio, n\u00famero de pessoal) de boa vontade em seus departamentos ou \u00e1reas de conhecimento, pelo bem da equipe. <\/p>\n\t\t\t\t<div class=\"proposition-answers grid grid-cols-3 items-center\">\n\t\t\t\t\t<div class=\"flex items-center\">\n\t\t\t\t\t\t<input type=\"radio\" name=\"proposition-5-answer-1\" id=\"proposition-5-answer-1\" value=\"1\" class=\"flex-none\">\n\t\t\t\t\t\t<label for=\"proposition-5-answer-1\" class=\"flex-1\">Raramente<\/label>\n\t\t\t\t\t<\/div>\n\t\t\t\t\t<div class=\"flex items-center\">\n\t\t\t\t\t\t<input type=\"radio\" name=\"proposition-5-answer-1\" id=\"proposition-5-answer-2\" value=\"2\" class=\"flex-none\">\n\t\t\t\t\t\t<label for=\"proposition-5-answer-2\" class=\"flex-1\">\u00c0s vezes<\/label>\n\t\t\t\t\t<\/div>\n\t\t\t\t\t<div class=\"flex items-center\">\n\t\t\t\t\t\t<input type=\"radio\" name=\"proposition-5-answer-1\" id=\"proposition-5-answer-3\" value=\"3\" class=\"flex-none\">\n\t\t\t\t\t\t<label for=\"proposition-5-answer-3\" class=\"flex-1\">Com frequ\u00eancia<\/label>\n\t\t\t\t\t<\/div>\n\t\t\t\t<\/div>\n\t\t\t<\/div>\n\t\t\t\t\t<div class=\"proposition-container proposition-6\">\n\t\t\t\t<p class=\"proposition-description text-gray\">Os membros da equipe admitem abertamente suas fraquezas e seus erros.<\/p>\n\t\t\t\t<div class=\"proposition-answers grid grid-cols-3 items-center\">\n\t\t\t\t\t<div class=\"flex items-center\">\n\t\t\t\t\t\t<input type=\"radio\" name=\"proposition-6-answer-1\" id=\"proposition-6-answer-1\" value=\"1\" class=\"flex-none\">\n\t\t\t\t\t\t<label for=\"proposition-6-answer-1\" class=\"flex-1\">Raramente<\/label>\n\t\t\t\t\t<\/div>\n\t\t\t\t\t<div class=\"flex items-center\">\n\t\t\t\t\t\t<input type=\"radio\" name=\"proposition-6-answer-1\" id=\"proposition-6-answer-2\" value=\"2\" class=\"flex-none\">\n\t\t\t\t\t\t<label for=\"proposition-6-answer-2\" class=\"flex-1\">\u00c0s vezes<\/label>\n\t\t\t\t\t<\/div>\n\t\t\t\t\t<div class=\"flex items-center\">\n\t\t\t\t\t\t<input type=\"radio\" name=\"proposition-6-answer-1\" id=\"proposition-6-answer-3\" value=\"3\" class=\"flex-none\">\n\t\t\t\t\t\t<label for=\"proposition-6-answer-3\" class=\"flex-1\">Com frequ\u00eancia<\/label>\n\t\t\t\t\t<\/div>\n\t\t\t\t<\/div>\n\t\t\t<\/div>\n\t\t\t\t\t<div class=\"proposition-container proposition-7\">\n\t\t\t\t<p class=\"proposition-description text-gray\">As reuni\u00f5es de equipe s\u00e3o instigantes, e n\u00e3o tediosas. <\/p>\n\t\t\t\t<div class=\"proposition-answers grid grid-cols-3 items-center\">\n\t\t\t\t\t<div class=\"flex items-center\">\n\t\t\t\t\t\t<input type=\"radio\" name=\"proposition-7-answer-1\" id=\"proposition-7-answer-1\" value=\"1\" class=\"flex-none\">\n\t\t\t\t\t\t<label for=\"proposition-7-answer-1\" class=\"flex-1\">Raramente<\/label>\n\t\t\t\t\t<\/div>\n\t\t\t\t\t<div class=\"flex items-center\">\n\t\t\t\t\t\t<input type=\"radio\" name=\"proposition-7-answer-1\" id=\"proposition-7-answer-2\" value=\"2\" class=\"flex-none\">\n\t\t\t\t\t\t<label for=\"proposition-7-answer-2\" class=\"flex-1\">\u00c0s vezes<\/label>\n\t\t\t\t\t<\/div>\n\t\t\t\t\t<div class=\"flex items-center\">\n\t\t\t\t\t\t<input type=\"radio\" name=\"proposition-7-answer-1\" id=\"proposition-7-answer-3\" value=\"3\" class=\"flex-none\">\n\t\t\t\t\t\t<label for=\"proposition-7-answer-3\" class=\"flex-1\">Com frequ\u00eancia<\/label>\n\t\t\t\t\t<\/div>\n\t\t\t\t<\/div>\n\t\t\t<\/div>\n\t\t\t\t\t<div class=\"proposition-container proposition-8\">\n\t\t\t\t<p class=\"proposition-description text-gray\">Os membros da equipe saem das reuni\u00f5es confiantes em que seus colegas est\u00e3o totalmente comprometidos com as decis\u00f5es acordadas, ainda que tenha havido uma discord\u00e2ncia inicial.<\/p>\n\t\t\t\t<div class=\"proposition-answers grid grid-cols-3 items-center\">\n\t\t\t\t\t<div class=\"flex items-center\">\n\t\t\t\t\t\t<input type=\"radio\" name=\"proposition-8-answer-1\" id=\"proposition-8-answer-1\" value=\"1\" class=\"flex-none\">\n\t\t\t\t\t\t<label for=\"proposition-8-answer-1\" class=\"flex-1\">Raramente<\/label>\n\t\t\t\t\t<\/div>\n\t\t\t\t\t<div class=\"flex items-center\">\n\t\t\t\t\t\t<input type=\"radio\" name=\"proposition-8-answer-1\" id=\"proposition-8-answer-2\" value=\"2\" class=\"flex-none\">\n\t\t\t\t\t\t<label for=\"proposition-8-answer-2\" class=\"flex-1\">\u00c0s vezes<\/label>\n\t\t\t\t\t<\/div>\n\t\t\t\t\t<div class=\"flex items-center\">\n\t\t\t\t\t\t<input type=\"radio\" name=\"proposition-8-answer-1\" id=\"proposition-8-answer-3\" value=\"3\" class=\"flex-none\">\n\t\t\t\t\t\t<label for=\"proposition-8-answer-3\" class=\"flex-1\">Com frequ\u00eancia<\/label>\n\t\t\t\t\t<\/div>\n\t\t\t\t<\/div>\n\t\t\t<\/div>\n\t\t\t\t\t<div class=\"proposition-container proposition-9\">\n\t\t\t\t<p class=\"proposition-description text-gray\">O \u00e2nimo da equipe \u00e9 afetado de forma significativa quando algum objetivo coletivo n\u00e3o \u00e9 alcan\u00e7ado. <\/p>\n\t\t\t\t<div class=\"proposition-answers grid grid-cols-3 items-center\">\n\t\t\t\t\t<div class=\"flex items-center\">\n\t\t\t\t\t\t<input type=\"radio\" name=\"proposition-9-answer-1\" id=\"proposition-9-answer-1\" value=\"1\" class=\"flex-none\">\n\t\t\t\t\t\t<label for=\"proposition-9-answer-1\" class=\"flex-1\">Raramente<\/label>\n\t\t\t\t\t<\/div>\n\t\t\t\t\t<div class=\"flex items-center\">\n\t\t\t\t\t\t<input type=\"radio\" name=\"proposition-9-answer-1\" id=\"proposition-9-answer-2\" value=\"2\" class=\"flex-none\">\n\t\t\t\t\t\t<label for=\"proposition-9-answer-2\" class=\"flex-1\">\u00c0s vezes<\/label>\n\t\t\t\t\t<\/div>\n\t\t\t\t\t<div class=\"flex items-center\">\n\t\t\t\t\t\t<input type=\"radio\" name=\"proposition-9-answer-1\" id=\"proposition-9-answer-3\" value=\"3\" class=\"flex-none\">\n\t\t\t\t\t\t<label for=\"proposition-9-answer-3\" class=\"flex-1\">Com frequ\u00eancia<\/label>\n\t\t\t\t\t<\/div>\n\t\t\t\t<\/div>\n\t\t\t<\/div>\n\t\t\t\t\t<div class=\"proposition-container proposition-10\">\n\t\t\t\t<p class=\"proposition-description text-gray\">Durante as reuni\u00f5es de equipe, as quest\u00f5es mais importantes - e dif\u00edceis - s\u00e3o colocadas em pauta para serem resolvidas.<\/p>\n\t\t\t\t<div class=\"proposition-answers grid grid-cols-3 items-center\">\n\t\t\t\t\t<div class=\"flex items-center\">\n\t\t\t\t\t\t<input type=\"radio\" name=\"proposition-10-answer-1\" id=\"proposition-10-answer-1\" value=\"1\" class=\"flex-none\">\n\t\t\t\t\t\t<label for=\"proposition-10-answer-1\" class=\"flex-1\">Raramente<\/label>\n\t\t\t\t\t<\/div>\n\t\t\t\t\t<div class=\"flex items-center\">\n\t\t\t\t\t\t<input type=\"radio\" name=\"proposition-10-answer-1\" id=\"proposition-10-answer-2\" value=\"2\" class=\"flex-none\">\n\t\t\t\t\t\t<label for=\"proposition-10-answer-2\" class=\"flex-1\">\u00c0s vezes<\/label>\n\t\t\t\t\t<\/div>\n\t\t\t\t\t<div class=\"flex items-center\">\n\t\t\t\t\t\t<input type=\"radio\" name=\"proposition-10-answer-1\" id=\"proposition-10-answer-3\" value=\"3\" class=\"flex-none\">\n\t\t\t\t\t\t<label for=\"proposition-10-answer-3\" class=\"flex-1\">Com frequ\u00eancia<\/label>\n\t\t\t\t\t<\/div>\n\t\t\t\t<\/div>\n\t\t\t<\/div>\n\t\t\t\t\t<div class=\"proposition-container proposition-11\">\n\t\t\t\t<p class=\"proposition-description text-gray\">Os membros da equipe se preocupam em n\u00e3o decepcionar os colegas.<\/p>\n\t\t\t\t<div class=\"proposition-answers grid grid-cols-3 items-center\">\n\t\t\t\t\t<div class=\"flex items-center\">\n\t\t\t\t\t\t<input type=\"radio\" name=\"proposition-11-answer-1\" id=\"proposition-11-answer-1\" value=\"1\" class=\"flex-none\">\n\t\t\t\t\t\t<label for=\"proposition-11-answer-1\" class=\"flex-1\">Raramente<\/label>\n\t\t\t\t\t<\/div>\n\t\t\t\t\t<div class=\"flex items-center\">\n\t\t\t\t\t\t<input type=\"radio\" name=\"proposition-11-answer-1\" id=\"proposition-11-answer-2\" value=\"2\" class=\"flex-none\">\n\t\t\t\t\t\t<label for=\"proposition-11-answer-2\" class=\"flex-1\">\u00c0s vezes<\/label>\n\t\t\t\t\t<\/div>\n\t\t\t\t\t<div class=\"flex items-center\">\n\t\t\t\t\t\t<input type=\"radio\" name=\"proposition-11-answer-1\" id=\"proposition-11-answer-3\" value=\"3\" class=\"flex-none\">\n\t\t\t\t\t\t<label for=\"proposition-11-answer-3\" class=\"flex-1\">Com frequ\u00eancia<\/label>\n\t\t\t\t\t<\/div>\n\t\t\t\t<\/div>\n\t\t\t<\/div>\n\t\t\t\t\t<div class=\"proposition-container proposition-12\">\n\t\t\t\t<p class=\"proposition-description text-gray\">Os membros da equipe conhecem a vida pessoal uns dos outros e se sentem \u00e0 vontade falando sobre esse tema.<\/p>\n\t\t\t\t<div class=\"proposition-answers grid grid-cols-3 items-center\">\n\t\t\t\t\t<div class=\"flex items-center\">\n\t\t\t\t\t\t<input type=\"radio\" name=\"proposition-12-answer-1\" id=\"proposition-12-answer-1\" value=\"1\" class=\"flex-none\">\n\t\t\t\t\t\t<label for=\"proposition-12-answer-1\" class=\"flex-1\">Raramente<\/label>\n\t\t\t\t\t<\/div>\n\t\t\t\t\t<div class=\"flex items-center\">\n\t\t\t\t\t\t<input type=\"radio\" name=\"proposition-12-answer-1\" id=\"proposition-12-answer-2\" value=\"2\" class=\"flex-none\">\n\t\t\t\t\t\t<label for=\"proposition-12-answer-2\" class=\"flex-1\">\u00c0s vezes<\/label>\n\t\t\t\t\t<\/div>\n\t\t\t\t\t<div class=\"flex items-center\">\n\t\t\t\t\t\t<input type=\"radio\" name=\"proposition-12-answer-1\" id=\"proposition-12-answer-3\" value=\"3\" class=\"flex-none\">\n\t\t\t\t\t\t<label for=\"proposition-12-answer-3\" class=\"flex-1\">Com frequ\u00eancia<\/label>\n\t\t\t\t\t<\/div>\n\t\t\t\t<\/div>\n\t\t\t<\/div>\n\t\t\t\t\t<div class=\"proposition-container proposition-13\">\n\t\t\t\t<p class=\"proposition-description text-gray\">Os membros da equipe terminam as discuss\u00f5es com resolu\u00e7\u00f5es claras e espec\u00edficas e com tarefas a realizar. <\/p>\n\t\t\t\t<div class=\"proposition-answers grid grid-cols-3 items-center\">\n\t\t\t\t\t<div class=\"flex items-center\">\n\t\t\t\t\t\t<input type=\"radio\" name=\"proposition-13-answer-1\" id=\"proposition-13-answer-1\" value=\"1\" class=\"flex-none\">\n\t\t\t\t\t\t<label for=\"proposition-13-answer-1\" class=\"flex-1\">Raramente<\/label>\n\t\t\t\t\t<\/div>\n\t\t\t\t\t<div class=\"flex items-center\">\n\t\t\t\t\t\t<input type=\"radio\" name=\"proposition-13-answer-1\" id=\"proposition-13-answer-2\" value=\"2\" class=\"flex-none\">\n\t\t\t\t\t\t<label for=\"proposition-13-answer-2\" class=\"flex-1\">\u00c0s vezes<\/label>\n\t\t\t\t\t<\/div>\n\t\t\t\t\t<div class=\"flex items-center\">\n\t\t\t\t\t\t<input type=\"radio\" name=\"proposition-13-answer-1\" id=\"proposition-13-answer-3\" value=\"3\" class=\"flex-none\">\n\t\t\t\t\t\t<label for=\"proposition-13-answer-3\" class=\"flex-1\">Com frequ\u00eancia<\/label>\n\t\t\t\t\t<\/div>\n\t\t\t\t<\/div>\n\t\t\t<\/div>\n\t\t\t\t\t<div class=\"proposition-container proposition-14\">\n\t\t\t\t<p class=\"proposition-description text-gray\">Os membros da equipe desafiam-se uns aos outros em rela\u00e7\u00e3o a seus planos e abordagens.<\/p>\n\t\t\t\t<div class=\"proposition-answers grid grid-cols-3 items-center\">\n\t\t\t\t\t<div class=\"flex items-center\">\n\t\t\t\t\t\t<input type=\"radio\" name=\"proposition-14-answer-1\" id=\"proposition-14-answer-1\" value=\"1\" class=\"flex-none\">\n\t\t\t\t\t\t<label for=\"proposition-14-answer-1\" class=\"flex-1\">Raramente<\/label>\n\t\t\t\t\t<\/div>\n\t\t\t\t\t<div class=\"flex items-center\">\n\t\t\t\t\t\t<input type=\"radio\" name=\"proposition-14-answer-1\" id=\"proposition-14-answer-2\" value=\"2\" class=\"flex-none\">\n\t\t\t\t\t\t<label for=\"proposition-14-answer-2\" class=\"flex-1\">\u00c0s vezes<\/label>\n\t\t\t\t\t<\/div>\n\t\t\t\t\t<div class=\"flex items-center\">\n\t\t\t\t\t\t<input type=\"radio\" name=\"proposition-14-answer-1\" id=\"proposition-14-answer-3\" value=\"3\" class=\"flex-none\">\n\t\t\t\t\t\t<label for=\"proposition-14-answer-3\" class=\"flex-1\">Com frequ\u00eancia<\/label>\n\t\t\t\t\t<\/div>\n\t\t\t\t<\/div>\n\t\t\t<\/div>\n\t\t\t\t\t<div class=\"proposition-container proposition-15\">\n\t\t\t\t<p class=\"proposition-description text-gray\">Os membros da equipe demoram a cobrar o cr\u00e9dito das pr\u00f3prias contribui\u00e7\u00f5es, mas s\u00e3o r\u00e1pidos em apontar as contribui\u00e7\u00f5es dos colegas.<\/p>\n\t\t\t\t<div class=\"proposition-answers grid grid-cols-3 items-center\">\n\t\t\t\t\t<div class=\"flex items-center\">\n\t\t\t\t\t\t<input type=\"radio\" name=\"proposition-15-answer-1\" id=\"proposition-15-answer-1\" value=\"1\" class=\"flex-none\">\n\t\t\t\t\t\t<label for=\"proposition-15-answer-1\" class=\"flex-1\">Raramente<\/label>\n\t\t\t\t\t<\/div>\n\t\t\t\t\t<div class=\"flex items-center\">\n\t\t\t\t\t\t<input type=\"radio\" name=\"proposition-15-answer-1\" id=\"proposition-15-answer-2\" value=\"2\" class=\"flex-none\">\n\t\t\t\t\t\t<label for=\"proposition-15-answer-2\" class=\"flex-1\">\u00c0s vezes<\/label>\n\t\t\t\t\t<\/div>\n\t\t\t\t\t<div class=\"flex items-center\">\n\t\t\t\t\t\t<input type=\"radio\" name=\"proposition-15-answer-1\" id=\"proposition-15-answer-3\" value=\"3\" class=\"flex-none\">\n\t\t\t\t\t\t<label for=\"proposition-15-answer-3\" class=\"flex-1\">Com frequ\u00eancia<\/label>\n\t\t\t\t\t<\/div>\n\t\t\t\t<\/div>\n\t\t\t<\/div>\n\t\t\t<\/div>\n\n\t<div class=\"submit-container\">\n\t\t<button type=\"button\" class=\"btn-submit btn-submit-3 border-none text-center bg-blue bg-hover-dark-blue text-white text-hover-bege font-semibold text-shadow-none uppercase transition\">Enviar<\/button>\n\t\t<div class=\"alert-submit dialog-result-ok bg-dark-bege text-white\">\n\t\t\t<span>Resultado enviado com sucesso. <a href=\"\/\" class=\"text-white font-semibold underline\">Clique aqui<\/a> para retornar \u00e0 p\u00e1gina principal.<\/span>\n\t\t\t\t\t\t\t<div class=\"disfunctions-container\">\n\t\t\t\t\t<p class=\"disfunction-results font-bold uppercase text-white\">Pontua\u00e7\u00e3o:<\/p>\n\t\t\t\t\t\t\t\t\t\t\t<div class=\"flex items-center\">\n\t\t\t\t\t\t\t<p class=\"disfunction-description text-white font-medium\">Falta de confian\u00e7a:<\/p>\n\n\t\t\t\t\t\t\t\t\t\t\t\t\t\t\t\t\t\t\t\t\t\t\t\t\t\t\t\t\t\t\t\t\t\t\t\t\t\t\t\t\t\t\t\t\t\t\t\t\t\t\t\t\t\t\t\t\t\t\t\t\t\t\t\t\t\t\t\t\t\t\t\t\t\t\t\t\t\t\t\t\t\t<p class=\"disfunction-total font-bold m-0 text-white disfunction-1\">\t\t\t\t\t\t\t\t22\t\t\t\t\t\t\t\t<\/p>\t\t\t\t\t\t\t\n\t\t\t\t\t\t\t\t\t\t\t\t\t<\/div>\n\t\t\t\t\t\t\t\t\t\t\t<div class=\"flex items-center\">\n\t\t\t\t\t\t\t<p class=\"disfunction-description text-white font-medium\">Medo de conflitos:<\/p>\n\n\t\t\t\t\t\t\t\t\t\t\t\t\t\t\t\t\t\t\t\t\t\t\t\t\t\t\t\t\t\t\t\t\t\t\t\t\t\t\t\t\t\t\t\t\t\t\t\t\t\t\t\t\t\t\t\t\t\t\t\t\t\t\t\t\t\t\t\t\t\t\t\t\t\t\t\t\t\t\t\t\t\t<p class=\"disfunction-total font-bold m-0 text-white disfunction-2\">\t\t\t\t\t\t\t\t18\t\t\t\t\t\t\t\t<\/p>\t\t\t\t\t\t\t\n\t\t\t\t\t\t\t\t\t\t\t\t\t<\/div>\n\t\t\t\t\t\t\t\t\t\t\t<div class=\"flex items-center\">\n\t\t\t\t\t\t\t<p class=\"disfunction-description text-white font-medium\">Falta de comprometimento:<\/p>\n\n\t\t\t\t\t\t\t\t\t\t\t\t\t\t\t\t\t\t\t\t\t\t\t\t\t\t\t\t\t\t\t\t\t\t\t\t\t\t\t\t\t\t\t\t\t\t\t\t\t\t\t\t\t\t\t\t\t\t\t\t\t\t\t\t\t\t\t\t\t\t\t\t\t\t\t\t\t\t\t\t\t\t<p class=\"disfunction-total font-bold m-0 text-white disfunction-3\">\t\t\t\t\t\t\t\t24\t\t\t\t\t\t\t\t<\/p>\t\t\t\t\t\t\t\n\t\t\t\t\t\t\t\t\t\t\t\t\t<\/div>\n\t\t\t\t\t\t\t\t\t\t\t<div class=\"flex items-center\">\n\t\t\t\t\t\t\t<p class=\"disfunction-description text-white font-medium\">Evitar responsabilizar os outros:<\/p>\n\n\t\t\t\t\t\t\t\t\t\t\t\t\t\t\t\t\t\t\t\t\t\t\t\t\t\t\t\t\t\t\t\t\t\t\t\t\t\t\t\t\t\t\t\t\t\t\t\t\t\t\t\t\t\t\t\t\t\t\t\t\t\t\t\t\t\t\t\t\t\t\t\t\t\t\t\t\t\t\t\t\t\t<p class=\"disfunction-total font-bold m-0 text-white disfunction-4\">\t\t\t\t\t\t\t\t27\t\t\t\t\t\t\t\t<\/p>\t\t\t\t\t\t\t\n\t\t\t\t\t\t\t\t\t\t\t\t\t<\/div>\n\t\t\t\t\t\t\t\t\t\t\t<div class=\"flex items-center\">\n\t\t\t\t\t\t\t<p class=\"disfunction-description text-white font-medium\">Falta de aten\u00e7\u00e3o aos resultados:<\/p>\n\n\t\t\t\t\t\t\t\t\t\t\t\t\t\t\t\t\t\t\t\t\t\t\t\t\t\t\t\t\t\t\t\t\t\t\t\t\t\t\t\t\t\t\t\t\t\t\t\t\t\t\t\t\t\t\t\t\t\t\t\t\t\t\t\t\t\t\t\t\t\t\t\t\t\t\t\t\t\t\t\t\t\t<p class=\"disfunction-total font-bold m-0 text-white disfunction-5\">\t\t\t\t\t\t\t\t29\t\t\t\t\t\t\t\t<\/p>\t\t\t\t\t\t\t\n\t\t\t\t\t\t\t\t\t\t\t\t\t<\/div>\n\t\t\t\t\t\t\t\t\t<\/div>\n\t\t\t\t<p class=\"disfunction-answer\">Se voc\u00ea fez <b>8<\/b> ou <b>9<\/b> pontos, \u00e9 prov\u00e1vel que a respectiva disfun\u00e7\u00e3o n\u00e3o seja um problema em sua equipe.<\/p>\n\t\t\t\t<p class=\"disfunction-answer\">Se voc\u00ea fez <b>6<\/b> ou <b>7<\/b> pontos, a disfun\u00e7\u00e3o pode ser um problema.<\/p>\n\t\t\t\t<p class=\"disfunction-answer\">Se voc\u00ea fez de <b>3<\/b> a <b>5<\/b> pontos, \u00e9 sinal de que as disfun\u00e7\u00f5es precisam ser trabalhadas.<\/p>\n\t\t\t\t<p class=\"disfunction-answer\">Independentemente de sua pontua\u00e7\u00e3o, \u00e9 importante ter em mente que toda equipe precisa de trabalho constante, porque sem ele at\u00e9 os melhores grupos podem se tornar disfuncionais.<\/p>\n\t\t\t\t\n\t\t<\/div>\n\t<\/div>\n\n<\/form>\n\n\n<\/div><div class=\"x-text x-content e38-e10 m12-9\">&copy; Copyright Menezes Consultoria. Todos os direitos reservados.<\/div><\/div><\/div><\/div><\/div><\/div>\n","protected":false},"excerpt":{"rendered":"<p>Teste 3: Avalia\u00e7\u00e3o de Pessoas O question\u00e1rio a seguir \u00e9 uma ferramenta direta de diagn\u00f3stico, cujo objetivo \u00e9 ajud\u00e1-lo a avaliar a suscetibilidade de sua equipe \u00e0s cinco disfun\u00e7\u00f5es. Se for poss\u00edvel, fa\u00e7a com que todos os membros da sua equipe respondam ao question\u00e1rio e an\u00e1lise os resultados, discutindo discrep\u00e2ncias nas respostas e identificando quaisquer implica\u00e7\u00f5es claras para o grupo. &#8230;<\/p>\n","protected":false},"author":1,"featured_media":0,"parent":0,"menu_order":0,"comment_status":"closed","ping_status":"closed","template":"template-blank-6.php","meta":{"_acf_changed":false,"inline_featured_image":false,"footnotes":""},"acf":[],"_links":{"self":[{"href":"https:\/\/diagnosticodegestao.grupojml.com.br\/index.php?rest_route=\/wp\/v2\/pages\/38"}],"collection":[{"href":"https:\/\/diagnosticodegestao.grupojml.com.br\/index.php?rest_route=\/wp\/v2\/pages"}],"about":[{"href":"https:\/\/diagnosticodegestao.grupojml.com.br\/index.php?rest_route=\/wp\/v2\/types\/page"}],"author":[{"embeddable":true,"href":"https:\/\/diagnosticodegestao.grupojml.com.br\/index.php?rest_route=\/wp\/v2\/users\/1"}],"replies":[{"embeddable":true,"href":"https:\/\/diagnosticodegestao.grupojml.com.br\/index.php?rest_route=%2Fwp%2Fv2%2Fcomments&post=38"}],"version-history":[{"count":3,"href":"https:\/\/diagnosticodegestao.grupojml.com.br\/index.php?rest_route=\/wp\/v2\/pages\/38\/revisions"}],"predecessor-version":[{"id":82,"href":"https:\/\/diagnosticodegestao.grupojml.com.br\/index.php?rest_route=\/wp\/v2\/pages\/38\/revisions\/82"}],"wp:attachment":[{"href":"https:\/\/diagnosticodegestao.grupojml.com.br\/index.php?rest_route=%2Fwp%2Fv2%2Fmedia&parent=38"}],"curies":[{"name":"wp","href":"https:\/\/api.w.org\/{rel}","templated":true}]}}